{"id":895,"date":"2025-10-01T15:53:38","date_gmt":"2025-10-01T15:53:38","guid":{"rendered":"https:\/\/pensiondeloubieng.fr\/?page_id=895"},"modified":"2025-10-04T13:55:36","modified_gmt":"2025-10-04T13:55:36","slug":"pension-pre-2","status":"publish","type":"page","link":"https:\/\/pensiondeloubieng.fr\/?page_id=895","title":{"rendered":"Pension pr\u00e9"},"content":{"rendered":"\n<div class=\"wp-block-group alignwide is-layout-flow wp-block-group-is-layout-flow\">\n<p class=\"has-text-align-center\" style=\"font-size:1.4rem\"><strong>Description de la pension pr\u00e9 (une seule formule) 135\u20ac.<\/strong><\/p>\n\n\n\n<p>Les chevaux ont de l\u2019eau et du foin \u00e0 volont\u00e9.<br>Pour les prot\u00e9ger du vent, des mouches et du soleil, ils ont un abri spacieux en bois, nettoy\u00e9 r\u00e9guli\u00e8rement de mani\u00e8re coop\u00e9rative (par tous les propri\u00e9taires \u00e0 tour de r\u00f4le selon planning). Le sol de cet abri ainsi que toute la zone centrale est en dalles en caoutchouc qui prot\u00e8gent leurs pieds de la boue sur une surface de 200m\u00b2.<\/p>\n<\/div>\n\n\n\n<figure class=\"wp-block-gallery alignwide has-nested-images columns-default is-cropped wp-block-gallery-1 is-layout-flex wp-block-gallery-is-layout-flex\">\n<figure class=\"wp-block-image size-large\"><img fetchpriority=\"high\" decoding=\"async\" width=\"1024\" height=\"768\" data-id=\"213\" src=\"https:\/\/pensiondeloubieng.fr\/wp-content\/uploads\/2022\/12\/20210406_194034-1024x768.jpg\" alt=\"\" class=\"wp-image-213\" srcset=\"https:\/\/pensiondeloubieng.fr\/wp-content\/uploads\/2022\/12\/20210406_194034-1024x768.jpg 1024w, https:\/\/pensiondeloubieng.fr\/wp-content\/uploads\/2022\/12\/20210406_194034-300x225.jpg 300w, https:\/\/pensiondeloubieng.fr\/wp-content\/uploads\/2022\/12\/20210406_194034-768x576.jpg 768w, https:\/\/pensiondeloubieng.fr\/wp-content\/uploads\/2022\/12\/20210406_194034-1536x1152.jpg 1536w, https:\/\/pensiondeloubieng.fr\/wp-content\/uploads\/2022\/12\/20210406_194034-2048x1536.jpg 2048w\" sizes=\"(max-width: 1024px) 100vw, 1024px\" \/><\/figure>\n\n\n\n<figure class=\"wp-block-image size-full\"><img decoding=\"async\" width=\"2560\" height=\"1440\" data-id=\"404\" src=\"https:\/\/pensiondeloubieng.fr\/wp-content\/uploads\/2023\/02\/20221210_174750-scaled.jpg\" alt=\"\" class=\"wp-image-404\" srcset=\"https:\/\/pensiondeloubieng.fr\/wp-content\/uploads\/2023\/02\/20221210_174750-scaled.jpg 2560w, https:\/\/pensiondeloubieng.fr\/wp-content\/uploads\/2023\/02\/20221210_174750-300x169.jpg 300w, https:\/\/pensiondeloubieng.fr\/wp-content\/uploads\/2023\/02\/20221210_174750-1024x576.jpg 1024w, https:\/\/pensiondeloubieng.fr\/wp-content\/uploads\/2023\/02\/20221210_174750-768x432.jpg 768w, https:\/\/pensiondeloubieng.fr\/wp-content\/uploads\/2023\/02\/20221210_174750-1536x864.jpg 1536w, https:\/\/pensiondeloubieng.fr\/wp-content\/uploads\/2023\/02\/20221210_174750-2048x1152.jpg 2048w\" sizes=\"(max-width: 2560px) 100vw, 2560px\" \/><\/figure>\n\n\n\n<figure class=\"wp-block-image size-large\"><img decoding=\"async\" width=\"1024\" height=\"616\" data-id=\"442\" src=\"https:\/\/pensiondeloubieng.fr\/wp-content\/uploads\/2023\/02\/pegase-1024x616.jpg\" alt=\"\" class=\"wp-image-442\" srcset=\"https:\/\/pensiondeloubieng.fr\/wp-content\/uploads\/2023\/02\/pegase-1024x616.jpg 1024w, https:\/\/pensiondeloubieng.fr\/wp-content\/uploads\/2023\/02\/pegase-300x180.jpg 300w, https:\/\/pensiondeloubieng.fr\/wp-content\/uploads\/2023\/02\/pegase-768x462.jpg 768w, https:\/\/pensiondeloubieng.fr\/wp-content\/uploads\/2023\/02\/pegase-1536x924.jpg 1536w, https:\/\/pensiondeloubieng.fr\/wp-content\/uploads\/2023\/02\/pegase-2048x1232.jpg 2048w\" sizes=\"(max-width: 1024px) 100vw, 1024px\" \/><\/figure>\n<\/figure>\n\n\n\n<div class=\"wp-block-group alignwide is-layout-flow wp-block-group-is-layout-flow\">\n<p>Ils vivent tous ensemble au pr\u00e9 du printemps \u00e0 l\u2019automne et en paddock pour la saison d\u2019hivers. La prairie de 2ha est divis\u00e9e en 3 parcelles de 6800m\u00b2.<\/p>\n<\/div>\n\n\n\n<figure class=\"wp-block-gallery alignwide has-nested-images columns-default is-cropped wp-block-gallery-2 is-layout-flex wp-block-gallery-is-layout-flex\">\n<figure class=\"wp-block-image size-large\"><img loading=\"lazy\" decoding=\"async\" width=\"1024\" height=\"768\" data-id=\"94\" src=\"https:\/\/pensiondeloubieng.fr\/wp-content\/uploads\/2022\/12\/20220608_142306-1024x768.jpg\" alt=\"\" class=\"wp-image-94\" srcset=\"https:\/\/pensiondeloubieng.fr\/wp-content\/uploads\/2022\/12\/20220608_142306-1024x768.jpg 1024w, https:\/\/pensiondeloubieng.fr\/wp-content\/uploads\/2022\/12\/20220608_142306-300x225.jpg 300w, https:\/\/pensiondeloubieng.fr\/wp-content\/uploads\/2022\/12\/20220608_142306-768x576.jpg 768w, https:\/\/pensiondeloubieng.fr\/wp-content\/uploads\/2022\/12\/20220608_142306-1536x1152.jpg 1536w, https:\/\/pensiondeloubieng.fr\/wp-content\/uploads\/2022\/12\/20220608_142306-2048x1536.jpg 2048w\" sizes=\"(max-width: 1024px) 100vw, 1024px\" \/><\/figure>\n\n\n\n<figure class=\"wp-block-image size-large\"><img loading=\"lazy\" decoding=\"async\" width=\"1024\" height=\"768\" data-id=\"595\" src=\"https:\/\/pensiondeloubieng.fr\/wp-content\/uploads\/2023\/04\/20210505_162954-1024x768.jpg\" alt=\"\" class=\"wp-image-595\" srcset=\"https:\/\/pensiondeloubieng.fr\/wp-content\/uploads\/2023\/04\/20210505_162954-1024x768.jpg 1024w, https:\/\/pensiondeloubieng.fr\/wp-content\/uploads\/2023\/04\/20210505_162954-300x225.jpg 300w, https:\/\/pensiondeloubieng.fr\/wp-content\/uploads\/2023\/04\/20210505_162954-768x576.jpg 768w, https:\/\/pensiondeloubieng.fr\/wp-content\/uploads\/2023\/04\/20210505_162954-1536x1152.jpg 1536w, https:\/\/pensiondeloubieng.fr\/wp-content\/uploads\/2023\/04\/20210505_162954-2048x1536.jpg 2048w\" sizes=\"(max-width: 1024px) 100vw, 1024px\" \/><\/figure>\n<\/figure>\n\n\n\n<div class=\"wp-block-group alignwide is-layout-flow wp-block-group-is-layout-flow\">\n<p>Ils sont nourris, de mani\u00e8re coop\u00e9rative, 1 fois par jour si besoin (aliment \u00e0 la charge du propri\u00e9taire).<\/p>\n<\/div>\n\n\n\n<figure class=\"wp-block-gallery alignwide has-nested-images columns-4 is-cropped wp-block-gallery-3 is-layout-flex wp-block-gallery-is-layout-flex\">\n<figure class=\"wp-block-image size-large\"><img loading=\"lazy\" decoding=\"async\" width=\"1024\" height=\"576\" data-id=\"403\" src=\"https:\/\/pensiondeloubieng.fr\/wp-content\/uploads\/2023\/02\/20221201_104341-1024x576.jpg\" alt=\"\" class=\"wp-image-403\" srcset=\"https:\/\/pensiondeloubieng.fr\/wp-content\/uploads\/2023\/02\/20221201_104341-1024x576.jpg 1024w, https:\/\/pensiondeloubieng.fr\/wp-content\/uploads\/2023\/02\/20221201_104341-300x169.jpg 300w, https:\/\/pensiondeloubieng.fr\/wp-content\/uploads\/2023\/02\/20221201_104341-768x432.jpg 768w, https:\/\/pensiondeloubieng.fr\/wp-content\/uploads\/2023\/02\/20221201_104341-1536x864.jpg 1536w, https:\/\/pensiondeloubieng.fr\/wp-content\/uploads\/2023\/02\/20221201_104341-2048x1152.jpg 2048w\" sizes=\"(max-width: 1024px) 100vw, 1024px\" \/><\/figure>\n\n\n\n<figure class=\"wp-block-image size-large is-resized\"><img loading=\"lazy\" decoding=\"async\" width=\"1024\" height=\"768\" data-id=\"361\" src=\"https:\/\/pensiondeloubieng.fr\/wp-content\/uploads\/2023\/02\/20210403_190726-1024x768.jpg\" alt=\"\" class=\"wp-image-361\" srcset=\"https:\/\/pensiondeloubieng.fr\/wp-content\/uploads\/2023\/02\/20210403_190726-1024x768.jpg 1024w, https:\/\/pensiondeloubieng.fr\/wp-content\/uploads\/2023\/02\/20210403_190726-300x225.jpg 300w, https:\/\/pensiondeloubieng.fr\/wp-content\/uploads\/2023\/02\/20210403_190726-768x576.jpg 768w, https:\/\/pensiondeloubieng.fr\/wp-content\/uploads\/2023\/02\/20210403_190726-1536x1152.jpg 1536w, https:\/\/pensiondeloubieng.fr\/wp-content\/uploads\/2023\/02\/20210403_190726-2048x1536.jpg 2048w\" sizes=\"(max-width: 1024px) 100vw, 1024px\" \/><\/figure>\n<\/figure>\n\n\n\n<div class=\"wp-block-group alignwide is-layout-flow wp-block-group-is-layout-flow\">\n<p><strong>A la charge du propri\u00e9taire<\/strong> : L\u2019aliment ainsi que les fruits sont financ\u00e9s par chaque propri\u00e9taire si le cheval a besoin d\u2019\u00eatre nourri. C\u2019est la distribution de cet aliment qui est incluse dans la formule ainsi que le foin. Chaque propri\u00e9taire doit \u00eatre disponible au moins une fois\/semaine pour passer voir et s&rsquo;occuper de chevaux.<\/p>\n\n\n\n<p><strong>La m\u00e9thode coop\u00e9rative<\/strong> consiste \u00e0 faire participer tous les propri\u00e9taires aux t\u00e2ches primordiales et quotidiennes pour le bien \u00eatre des chevaux en pension.<br>Chaque propri\u00e9taire s&rsquo;engage \u00e0 venir une fois par semaine minimum pour :<br>* contr\u00f4ler l&rsquo;\u00e9tat de sant\u00e9 de chaque cheval,<br>* nourrir, doucher, panser ceux qui en ont besoin,<br>* ramasser les crottins,<br>* v\u00e9rifier la qualit\u00e9 et la quantit\u00e9 d&rsquo;eau<br>* faire un rapport sur le groupe whatsapp<\/p>\n\n\n\n<p><strong>Cette forme de pension<\/strong> : <br>* implique que chaque nouveau propri\u00e9taire devra conna\u00eetre parfaitement diff\u00e9rent caract\u00e8res de chevaux et savoir les manipuler au milieu d&rsquo;un troupeau.<br>* n\u00e9cessite un engagement de chacun sur la tenue d&rsquo;un planning de passage, une rigueur d&rsquo;observation et un respect de consignes.<br><\/p>\n<\/div>\n","protected":false},"excerpt":{"rendered":"<p>Description de la pension pr\u00e9 (une seule formule) 135\u20ac. Les chevaux ont de l\u2019eau et du foin \u00e0 volont\u00e9.Pour les prot\u00e9ger du vent, des mouches et du soleil, ils ont un abri spacieux en bois, nettoy\u00e9 r\u00e9guli\u00e8rement de mani\u00e8re coop\u00e9rative (par tous les propri\u00e9taires \u00e0 tour de r\u00f4le selon planning). Le sol de cet abri [&hellip;]<\/p>\n","protected":false},"author":1,"featured_media":0,"parent":0,"menu_order":0,"comment_status":"closed","ping_status":"closed","template":"elementor_theme","meta":{"om_disable_all_campaigns":false,"_monsterinsights_skip_tracking":false,"_monsterinsights_sitenote_active":false,"_monsterinsights_sitenote_note":"","_monsterinsights_sitenote_category":0,"footnotes":""},"class_list":["post-895","page","type-page","status-publish","hentry"],"aioseo_notices":[],"_links":{"self":[{"href":"https:\/\/pensiondeloubieng.fr\/index.php?rest_route=\/wp\/v2\/pages\/895","targetHints":{"allow":["GET"]}}],"collection":[{"href":"https:\/\/pensiondeloubieng.fr\/index.php?rest_route=\/wp\/v2\/pages"}],"about":[{"href":"https:\/\/pensiondeloubieng.fr\/index.php?rest_route=\/wp\/v2\/types\/page"}],"author":[{"embeddable":true,"href":"https:\/\/pensiondeloubieng.fr\/index.php?rest_route=\/wp\/v2\/users\/1"}],"replies":[{"embeddable":true,"href":"https:\/\/pensiondeloubieng.fr\/index.php?rest_route=%2Fwp%2Fv2%2Fcomments&post=895"}],"version-history":[{"count":15,"href":"https:\/\/pensiondeloubieng.fr\/index.php?rest_route=\/wp\/v2\/pages\/895\/revisions"}],"predecessor-version":[{"id":1011,"href":"https:\/\/pensiondeloubieng.fr\/index.php?rest_route=\/wp\/v2\/pages\/895\/revisions\/1011"}],"wp:attachment":[{"href":"https:\/\/pensiondeloubieng.fr\/index.php?rest_route=%2Fwp%2Fv2%2Fmedia&parent=895"}],"curies":[{"name":"wp","href":"https:\/\/api.w.org\/{rel}","templated":true}]}}