{"id":907,"date":"2025-10-01T16:18:28","date_gmt":"2025-10-01T16:18:28","guid":{"rendered":"https:\/\/pensiondeloubieng.fr\/?page_id=907"},"modified":"2025-10-02T07:57:37","modified_gmt":"2025-10-02T07:57:37","slug":"accueil","status":"publish","type":"page","link":"https:\/\/pensiondeloubieng.fr\/","title":{"rendered":"Accueil"},"content":{"rendered":"\t\t<div data-elementor-type=\"wp-page\" data-elementor-id=\"907\" class=\"elementor elementor-907\">\n\t\t\t\t\t\t<section class=\"elementor-section elementor-top-section elementor-element elementor-element-3d36575b elementor-section-boxed elementor-section-height-default elementor-section-height-default\" data-id=\"3d36575b\" data-element_type=\"section\" data-e-type=\"section\">\n\t\t\t\t\t\t<div class=\"elementor-container elementor-column-gap-default\">\n\t\t\t\t\t<div class=\"elementor-column elementor-col-100 elementor-top-column elementor-element elementor-element-29b53ba5\" data-id=\"29b53ba5\" data-element_type=\"column\" data-e-type=\"column\">\n\t\t\t<div class=\"elementor-widget-wrap elementor-element-populated\">\n\t\t\t\t\t\t<div class=\"elementor-element elementor-element-304b7796 elementor-widget elementor-widget-text-editor\" data-id=\"304b7796\" data-element_type=\"widget\" data-e-type=\"widget\" data-widget_type=\"text-editor.default\">\n\t\t\t\t<div class=\"elementor-widget-container\">\n\t\t\t\t\t\t\t\t\t<p><\/p>\n<div class=\"wp-block-columns alignwide is-layout-flex wp-container-core-columns-is-layout-cf05694f wp-block-columns-is-layout-flex\"><p><\/p>\n<div class=\"wp-block-column is-layout-flow wp-block-column-is-layout-flow\"><p><\/p>\n<h1 class=\"wp-block-heading alignwide\" style=\"margin-bottom: var(--wp--preset--spacing--60); font-size: 30px;\">La PHILOSOPHIE de la pension :<\/h1>\n<p><\/p>\n<p style=\"line-height: 2.3;\">Le cheval doit vivre sa \u00ab\u00a0<strong>meilleure vie de cheval<\/strong>\u00a0\u00bb : manger, marcher, brouter, s&rsquo;ombrager, jouer avec les copains, grattage mutuel, se rouler et cela en toute SECURITE et LIBERTE.<\/p>\n<p><\/p><\/div>\n<p><\/p>\n<div class=\"wp-block-column is-layout-flow wp-block-column-is-layout-flow\"><p><\/p>\n<h1 class=\"wp-block-heading alignwide has-text-align-center\" style=\"font-size: 20px;\">Mais la Pension de Loubieng pense aussi \u00e0 vous, PROPRIETAIRE et CAVALIER :<\/h1>\n<p><\/p>\n<ul class=\"wp-block-list\"><p><\/p>\n<li>une sellerie<\/li>\n<p><\/p>\n<li>lumi\u00e8re<\/li>\n<p><\/p>\n<li>eau<\/li>\n<p><\/p>\n<li>chemins de ballade \u00e0 cheval ou \u00e0 pied<\/li>\n<p><\/p><\/ul>\n<p><\/p><\/div>\n<p><\/p><\/div>\n<p><\/p>\n<div class=\"wp-block-spacer\" style=\"height: 32px;\" aria-hidden=\"true\">&nbsp;<\/div>\n<p><\/p>\n<h1 class=\"wp-block-heading alignwide\" style=\"margin-bottom: var(--wp--preset--spacing--60); font-size: 40px;\">Un cheval libre<\/h1>\n<p><\/p>\n<div class=\"wp-block-media-text alignwide is-stacked-on-mobile\">\n<figure class=\"wp-block-media-text__media\"><img fetchpriority=\"high\" decoding=\"async\" width=\"1024\" height=\"768\" class=\"wp-image-437 size-full\" src=\"https:\/\/pensiondeloubieng.fr\/wp-content\/uploads\/2023\/02\/IMG-20200831-WA0009-1024x768.jpg\" alt=\"\" srcset=\"https:\/\/pensiondeloubieng.fr\/wp-content\/uploads\/2023\/02\/IMG-20200831-WA0009-1024x768.jpg 1024w, https:\/\/pensiondeloubieng.fr\/wp-content\/uploads\/2023\/02\/IMG-20200831-WA0009-300x225.jpg 300w, https:\/\/pensiondeloubieng.fr\/wp-content\/uploads\/2023\/02\/IMG-20200831-WA0009-768x576.jpg 768w, https:\/\/pensiondeloubieng.fr\/wp-content\/uploads\/2023\/02\/IMG-20200831-WA0009-1536x1153.jpg 1536w, https:\/\/pensiondeloubieng.fr\/wp-content\/uploads\/2023\/02\/IMG-20200831-WA0009.jpg 1599w\" sizes=\"(max-width: 1024px) 100vw, 1024px\" \/><\/figure>\n<div class=\"wp-block-media-text__content\"><p><\/p>\n<p>La pension de Loubieng accueille les chevaux dans un esprit de calme et de libert\u00e9, dans la verdure et sous surveillance.<\/p>\n<p><\/p>\n<p>Ils sont h\u00e9berg\u00e9s en groupe et libres de leur choix et de leur mouvement.<\/p>\n<p><\/p>\n<p>Ils peuvent rester seul ou rejoindre le groupe, s\u2019ombrager dans l\u2019abri ou sous les arbres, manger de l\u2019herbe ou du foin.<\/p>\n<p><\/p><\/div>\n<\/div>\n<p><\/p>\n<div class=\"wp-block-spacer\" style=\"height: 60px;\" aria-hidden=\"true\">&nbsp;<\/div>\n<p><\/p>\n<h1 class=\"wp-block-heading alignwide\" style=\"font-size: 40px;\">Notre structure<\/h1>\n<p><\/p>\n<div class=\"wp-block-columns alignwide is-layout-flex wp-container-core-columns-is-layout-28f84493 wp-block-columns-is-layout-flex\"><p><\/p>\n<div class=\"wp-block-column is-layout-flow wp-block-column-is-layout-flow\" style=\"flex-basis: 65%;\"><p><\/p>\n<p><strong>Pour les chevaux :<\/strong><\/p>\n<p><\/p>\n<ul class=\"wp-block-list\"><p><\/p>\n<li>Nous accueillons, avec la plus grande attention, au maximum 10 chevaux r\u00e9partis en 2 groupes, l\u2019un sur une prairie de 2 hectares et l\u2019autre de 5 hectares . Vous y trouvez pour chaque groupe :<\/li>\n<p><\/p>\n<li>un abri spacieux,<\/li>\n<p><\/p>\n<li>un point d\u2019eau,<\/li>\n<p><\/p>\n<li>du foin si n\u00e9cessaire<\/li>\n<p><\/p>\n<li>des cong\u00e9n\u00e8res pour votre compagnon<\/li>\n<p><\/p>\n<li>une cl\u00f4ture en ruban de 4 cm sur 3 niveaux<\/li>\n<p><\/p>\n<li>Une grande surface centrale dall\u00e9e.<\/li>\n<p><\/p><\/ul>\n<p><\/p><\/div>\n<p><\/p>\n<div class=\"wp-block-column is-layout-flow wp-block-column-is-layout-flow\" style=\"flex-basis: 30%;\"><p><\/p>\n<div class=\"wp-block-spacer\" style=\"height: 20px;\" aria-hidden=\"true\">&nbsp;<\/div>\n<p><\/p>\n<div class=\"wp-block-cover aligncenter is-light\" style=\"min-height: 296px;aspect-ratio:unset;\"><p><img decoding=\"async\" width=\"2560\" height=\"2560\" class=\"wp-block-cover__image-background wp-image-729\" src=\"https:\/\/pensiondeloubieng.fr\/wp-content\/uploads\/2023\/04\/20221212_173134-scaled.jpg\" alt=\"\" data-object-fit=\"cover\" srcset=\"https:\/\/pensiondeloubieng.fr\/wp-content\/uploads\/2023\/04\/20221212_173134-scaled.jpg 2560w, https:\/\/pensiondeloubieng.fr\/wp-content\/uploads\/2023\/04\/20221212_173134-300x300.jpg 300w, https:\/\/pensiondeloubieng.fr\/wp-content\/uploads\/2023\/04\/20221212_173134-1024x1024.jpg 1024w, https:\/\/pensiondeloubieng.fr\/wp-content\/uploads\/2023\/04\/20221212_173134-150x150.jpg 150w, https:\/\/pensiondeloubieng.fr\/wp-content\/uploads\/2023\/04\/20221212_173134-768x768.jpg 768w, https:\/\/pensiondeloubieng.fr\/wp-content\/uploads\/2023\/04\/20221212_173134-1536x1536.jpg 1536w, https:\/\/pensiondeloubieng.fr\/wp-content\/uploads\/2023\/04\/20221212_173134-2048x2048.jpg 2048w\" sizes=\"(max-width: 2560px) 100vw, 2560px\" \/><\/p>\n<div class=\"wp-block-cover__inner-container is-layout-flow wp-block-cover-is-layout-flow\"><p><\/p>\n<p class=\"has-text-align-center has-background-color has-text-color has-medium-font-size\"><strong>Abri<\/strong><\/p>\n<p><strong>Stabulation \u00e0 foin<\/strong><\/p>\n<p><\/p><\/div>\n<\/div>\n<p><\/p><\/div>\n<p><\/p><\/div>\n<p><\/p>\n<div class=\"wp-block-spacer\" style=\"height: 2px;\" aria-hidden=\"true\">&nbsp;<\/div>\n<p><\/p>\n<div class=\"wp-block-columns alignwide is-layout-flex wp-container-core-columns-is-layout-28f84493 wp-block-columns-is-layout-flex\"><p><\/p>\n<div class=\"wp-block-column is-layout-flow wp-block-column-is-layout-flow\" style=\"flex-basis: 33.33%;\"><p><\/p>\n<figure class=\"wp-block-image is-resized\"><img decoding=\"async\" width=\"810\" height=\"1080\" class=\"wp-image-160\" style=\"width: 180px; height: 241px;\" src=\"https:\/\/pensionchevaux1.files.wordpress.com\/2022\/12\/alim0114-2.jpg?w=768\" alt=\"\" srcset=\"https:\/\/pensiondeloubieng.fr\/wp-content\/uploads\/2022\/12\/alim0114-2.jpg 810w, https:\/\/pensiondeloubieng.fr\/wp-content\/uploads\/2022\/12\/alim0114-2-225x300.jpg 225w, https:\/\/pensiondeloubieng.fr\/wp-content\/uploads\/2022\/12\/alim0114-2-768x1024.jpg 768w\" sizes=\"(max-width: 810px) 100vw, 810px\" \/><\/figure>\n<p><\/p><\/div>\n<p><\/p>\n<div class=\"wp-block-column is-layout-flow wp-block-column-is-layout-flow\" style=\"flex-basis: 66.66%;\"><p><\/p>\n<p><strong>Pour les propri\u00e9taires<\/strong> :<\/p>\n<p><\/p>\n<ul class=\"wp-block-list\"><p><\/p>\n<li>une sellerie avec table et chaises,<\/li>\n<p><\/p>\n<li>un acc\u00e8s \u00e0 l\u2019eau,<\/li>\n<p><\/p>\n<li>de la lumi\u00e8re,<\/li>\n<p><\/p>\n<li>un rond de longe et un espace de travail en herbe ouverts de mai \u00e0 septembre (p\u00e9riode s\u00e8che).<\/li>\n<p><\/p>\n<li>une entr\u00e9e ind\u00e9pendante (pas d\u2019horaire d\u2019ouverture).<\/li>\n<p><\/p>\n<li>1 box en option pour les urgences<\/li>\n<p><\/p><\/ul>\n<p><\/p><\/div>\n<p><\/p><\/div>\n<p><\/p>\n<div class=\"wp-block-columns alignwide is-layout-flex wp-container-core-columns-is-layout-28f84493 wp-block-columns-is-layout-flex\"><p><\/p>\n<div class=\"wp-block-column is-layout-flow wp-block-column-is-layout-flow\"><p><\/p>\n<p>Selon vos souhaits, je me charge des rendez-vous avec les professionnels : mar\u00e9chal, ost\u00e9opathe, dentiste, v\u00e9t\u00e9rinaire de votre choix ou ceux de la pension.<\/p>\n<p><\/p><\/div>\n<p><\/p><\/div>\n<p><\/p>\n<div class=\"wp-block-spacer\" style=\"height: 60px;\" aria-hidden=\"true\">&nbsp;<\/div>\n<p><\/p>\n<h1 class=\"wp-block-heading alignwide\" style=\"font-size: 40px;\">Libert\u00e9 et disponibilit\u00e9<\/h1>\n<p><\/p>\n<div class=\"wp-block-columns alignwide is-layout-flex wp-container-core-columns-is-layout-28f84493 wp-block-columns-is-layout-flex\"><p><\/p>\n<div class=\"wp-block-column is-vertically-aligned-center is-layout-flow wp-block-column-is-layout-flow\"><p><\/p>\n<p>Vous \u00eates libre de partir en ballade, travailler votre cheval ou juste passer du temps avec lui quand vous le d\u00e9sirez. Pour vous, ouverture permanente car l\u2019acc\u00e8s est libre par une entr\u00e9e ind\u00e9pendante.<\/p>\n<p><\/p>\n<div class=\"wp-block-spacer\" style=\"height: 20px;\" aria-hidden=\"true\">&nbsp;<\/div>\n<p><\/p>\n<figure class=\"wp-block-image alignleft is-style-rounded\"><img decoding=\"async\" class=\"wp-image-269\" src=\"https:\/\/pensionchevaux1.files.wordpress.com\/2022\/12\/alim0443-1-edited-1.jpg\" alt=\"\"><\/figure>\n<p><\/p><\/div>\n<p><\/p>\n<div class=\"wp-block-column is-layout-flow wp-block-column-is-layout-flow\"><p><\/p>\n<figure class=\"wp-block-image aligncenter size-large is-resized\"><img loading=\"lazy\" decoding=\"async\" width=\"640\" height=\"360\" class=\"wp-image-418\" style=\"width: 260px; height: 146px;\" src=\"https:\/\/pensiondeloubieng.fr\/wp-content\/uploads\/2023\/02\/20220207205757261.jpg\" alt=\"\" srcset=\"https:\/\/pensiondeloubieng.fr\/wp-content\/uploads\/2023\/02\/20220207205757261.jpg 640w, https:\/\/pensiondeloubieng.fr\/wp-content\/uploads\/2023\/02\/20220207205757261-300x169.jpg 300w\" sizes=\"(max-width: 640px) 100vw, 640px\" \/><\/figure>\n<p><\/p>\n<p class=\"has-text-align-center\">Vous profitez des photos et vid\u00e9os des moments forts que je partage sur le groupe whatsapp de la pension.<\/p>\n<p><\/p>\n<figure class=\"wp-block-image aligncenter size-large is-resized\"><img loading=\"lazy\" decoding=\"async\" width=\"1024\" height=\"485\" class=\"wp-image-446\" style=\"width: 305px; height: 144px;\" src=\"https:\/\/pensiondeloubieng.fr\/wp-content\/uploads\/2023\/02\/Screenshot_20220116-233842_YI-Home-1024x485.jpg\" alt=\"\" srcset=\"https:\/\/pensiondeloubieng.fr\/wp-content\/uploads\/2023\/02\/Screenshot_20220116-233842_YI-Home-1024x485.jpg 1024w, https:\/\/pensiondeloubieng.fr\/wp-content\/uploads\/2023\/02\/Screenshot_20220116-233842_YI-Home-300x142.jpg 300w, https:\/\/pensiondeloubieng.fr\/wp-content\/uploads\/2023\/02\/Screenshot_20220116-233842_YI-Home-768x364.jpg 768w, https:\/\/pensiondeloubieng.fr\/wp-content\/uploads\/2023\/02\/Screenshot_20220116-233842_YI-Home-1536x728.jpg 1536w, https:\/\/pensiondeloubieng.fr\/wp-content\/uploads\/2023\/02\/Screenshot_20220116-233842_YI-Home-2048x970.jpg 2048w\" sizes=\"(max-width: 1024px) 100vw, 1024px\" \/><\/figure>\n<p><\/p>\n<p>En votre absence, soyez tranquille, je veille sur votre prot\u00e9g\u00e9(e). Vous pouvez aussi l\u2019observer via les cam\u00e9ras.<\/p>\n<p><\/p><\/div>\n<p><\/p><\/div>\n<p><\/p>\n<div class=\"wp-block-spacer\" style=\"height: 40px;\" aria-hidden=\"true\">&nbsp;<\/div>\n<p><\/p>\t\t\t\t\t\t\t\t<\/div>\n\t\t\t\t<\/div>\n\t\t\t\t\t<\/div>\n\t\t<\/div>\n\t\t\t\t\t<\/div>\n\t\t<\/section>\n\t\t\t\t<\/div>\n\t\t","protected":false},"excerpt":{"rendered":"<p>La PHILOSOPHIE de la pension : Le cheval doit vivre sa \u00ab&nbsp;meilleure vie de cheval&nbsp;\u00bb : manger, marcher, brouter, s\u2019ombrager, jouer avec les copains, grattage mutuel, se rouler et cela en toute SECURITE et LIBERTE. Mais la Pension de Loubieng pense aussi \u00e0 vous, PROPRIETAIRE et CAVALIER : Un cheval libre La pension de Loubieng [&hellip;]<\/p>\n","protected":false},"author":1,"featured_media":0,"parent":0,"menu_order":0,"comment_status":"closed","ping_status":"closed","template":"elementor_theme","meta":{"om_disable_all_campaigns":false,"_monsterinsights_skip_tracking":false,"_monsterinsights_sitenote_active":false,"_monsterinsights_sitenote_note":"","_monsterinsights_sitenote_category":0,"footnotes":""},"class_list":["post-907","page","type-page","status-publish","hentry"],"aioseo_notices":[],"_links":{"self":[{"href":"https:\/\/pensiondeloubieng.fr\/index.php?rest_route=\/wp\/v2\/pages\/907","targetHints":{"allow":["GET"]}}],"collection":[{"href":"https:\/\/pensiondeloubieng.fr\/index.php?rest_route=\/wp\/v2\/pages"}],"about":[{"href":"https:\/\/pensiondeloubieng.fr\/index.php?rest_route=\/wp\/v2\/types\/page"}],"author":[{"embeddable":true,"href":"https:\/\/pensiondeloubieng.fr\/index.php?rest_route=\/wp\/v2\/users\/1"}],"replies":[{"embeddable":true,"href":"https:\/\/pensiondeloubieng.fr\/index.php?rest_route=%2Fwp%2Fv2%2Fcomments&post=907"}],"version-history":[{"count":13,"href":"https:\/\/pensiondeloubieng.fr\/index.php?rest_route=\/wp\/v2\/pages\/907\/revisions"}],"predecessor-version":[{"id":933,"href":"https:\/\/pensiondeloubieng.fr\/index.php?rest_route=\/wp\/v2\/pages\/907\/revisions\/933"}],"wp:attachment":[{"href":"https:\/\/pensiondeloubieng.fr\/index.php?rest_route=%2Fwp%2Fv2%2Fmedia&parent=907"}],"curies":[{"name":"wp","href":"https:\/\/api.w.org\/{rel}","templated":true}]}}