{"id":997,"date":"2025-10-02T14:22:25","date_gmt":"2025-10-02T14:22:25","guid":{"rendered":"https:\/\/pensiondeloubieng.fr\/?page_id=997"},"modified":"2025-10-04T14:49:17","modified_gmt":"2025-10-04T14:49:17","slug":"tarifs-et-contact-2","status":"publish","type":"page","link":"https:\/\/pensiondeloubieng.fr\/?page_id=997","title":{"rendered":"Tarifs et contact"},"content":{"rendered":"\n<div class=\"wp-block-group alignwide is-layout-flow wp-block-group-is-layout-flow\">\n<p><strong>Le tarif de la pension est de 135\u20ac par mois.<\/strong><\/p>\n\n\n\n<p>Il comprend les pr\u00e9s, les abris, le foin, la surveillance quotidienne coop\u00e9rative, le nourrissage, les douches et pansages, l&rsquo;envoie de photos et vid\u00e9os sur le groupe whatsapp. Il implique que chaque propri\u00e9taires s&rsquo;engage \u00e0 passer voir et d&rsquo;occuper de tous les chevaux au moins une fois\/semaine selon planning.<\/p>\n\n\n\n<p>A ce tarif, vous ajoutez,<\/p>\n\n\n\n<ul class=\"wp-block-list\">\n<li>si n\u00e9cessaire, le co\u00fbt de l<mark style=\"background-color:rgba(0, 0, 0, 0);color:#54893a\" class=\"has-inline-color\">\u2019<strong><em>aliment<\/em><\/strong><\/mark> si votre cheval est nourri<\/li>\n\n\n\n<li>1 fois\/an, vous recevez la facture du <strong><em><mark style=\"background-color:rgba(0, 0, 0, 0);color:#54893a\" class=\"has-inline-color\">v\u00e9t\u00e9rinaire<\/mark><\/em><\/strong> pour les vaccins.  <\/li>\n\n\n\n<li>Le<em><strong> <mark style=\"background-color:rgba(0, 0, 0, 0);color:#54893a\" class=\"has-inline-color\">mar\u00e9chal<\/mark><\/strong><\/em> passe pour parer les chevaux qui en ont besoin. Certain tous les 3 mois, d\u2019autre tous les 5 ans selon la pousse du pied. <\/li>\n\n\n\n<li>Le <strong><em><mark style=\"background-color:rgba(0, 0, 0, 0);color:#54893a\" class=\"has-inline-color\">dentiste<\/mark><\/em><\/strong> ausculte tous les ans lors de la visite du v\u00e9t\u00e9rinaire et d\u00e9termine si le soin est n\u00e9cessaire (en g\u00e9n\u00e9rale, la dentisterie devient n\u00e9cessaire tous les 2 \u00e0 5 ans).<\/li>\n<\/ul>\n\n\n\n<p><strong>Pour nous contacter<\/strong><\/p>\n\n\n\n<p>De pr\u00e9f\u00e9rence, par t\u00e9l\u00e9phone au 06 27 94 77 37 (appel ou sms).<\/p>\n\n\n\n<p>Par mail : contact@pensiondeloubieng.fr<\/p>\n\n\n\n<p>Via ce formulaire<\/p>\n\n\n<div class=\"wpforms-container wpforms-container-full wpforms-block wpforms-block-e5c9ec96-9a4d-4ac3-a5db-b2ded653679c\" id=\"wpforms-5\"><form id=\"wpforms-form-5\" class=\"wpforms-validate wpforms-form\" data-formid=\"5\" method=\"post\" enctype=\"multipart\/form-data\" action=\"\/index.php?rest_route=%2Fwp%2Fv2%2Fpages%2F997\" data-token=\"aeecd196523a31e755d97c1ce77073f1\" data-token-time=\"1775673039\"><noscript class=\"wpforms-error-noscript\">Veuillez activer JavaScript dans votre navigateur pour remplir ce formulaire.<\/noscript><div class=\"wpforms-field-container\"><div id=\"wpforms-5-field_0-container\" class=\"wpforms-field wpforms-field-name\" data-field-id=\"0\"><label class=\"wpforms-field-label wpforms-label-hide\" for=\"wpforms-5-field_0\">Nom et pr\u00e9nom <span class=\"wpforms-required-label\">*<\/span><\/label><input type=\"text\" id=\"wpforms-5-field_0\" class=\"wpforms-field-large wpforms-field-required\" name=\"wpforms[fields][0]\" placeholder=\"Nom et pr\u00e9nom\" required><\/div><div id=\"wpforms-5-field_1-container\" class=\"wpforms-field wpforms-field-email\" data-field-id=\"1\"><label class=\"wpforms-field-label wpforms-label-hide\" for=\"wpforms-5-field_1\">Email <span class=\"wpforms-required-label\">*<\/span><\/label><input type=\"email\" id=\"wpforms-5-field_1\" class=\"wpforms-field-large wpforms-field-required\" name=\"wpforms[fields][1]\" placeholder=\"Addresse mail\" spellcheck=\"false\" required><\/div><div id=\"wpforms-5-field_3-container\" class=\"wpforms-field wpforms-field-text\" data-field-id=\"3\"><label class=\"wpforms-field-label wpforms-label-hide\" for=\"wpforms-5-field_3\">Sujet <span class=\"wpforms-required-label\">*<\/span><\/label><input type=\"text\" id=\"wpforms-5-field_3\" class=\"wpforms-field-large wpforms-field-required\" name=\"wpforms[fields][3]\" placeholder=\"Sujet\" required><\/div><div id=\"wpforms-5-field_2-container\" class=\"wpforms-field wpforms-field-textarea\" data-field-id=\"2\"><label class=\"wpforms-field-label wpforms-label-hide\" for=\"wpforms-5-field_2\">Message <span class=\"wpforms-required-label\">*<\/span><\/label><textarea id=\"wpforms-5-field_2\" class=\"wpforms-field-medium wpforms-field-required\" name=\"wpforms[fields][2]\" placeholder=\"Message\" required><\/textarea><\/div><\/div><!-- .wpforms-field-container --><div class=\"wpforms-submit-container\" ><input type=\"hidden\" name=\"wpforms[id]\" value=\"5\"><input type=\"hidden\" name=\"page_title\" value=\"\"><input type=\"hidden\" name=\"page_url\" value=\"https:\/\/pensiondeloubieng.fr\/index.php?rest_route=\/wp\/v2\/pages\/997\"><input type=\"hidden\" name=\"url_referer\" value=\"\"><button type=\"submit\" name=\"wpforms[submit]\" id=\"wpforms-submit-5\" class=\"wpforms-submit\" data-alt-text=\"Envoie du message en cours\" data-submit-text=\"Envoyer le message\" aria-live=\"assertive\" value=\"wpforms-submit\">Envoyer le message<\/button><\/div><\/form><\/div>  <!-- .wpforms-container --><\/div>\n","protected":false},"excerpt":{"rendered":"<p>Le tarif de la pension est de 135\u20ac par mois. Il comprend les pr\u00e9s, les abris, le foin, la surveillance quotidienne coop\u00e9rative, le nourrissage, les douches et pansages, l&rsquo;envoie de photos et vid\u00e9os sur le groupe whatsapp. Il implique que chaque propri\u00e9taires s&rsquo;engage \u00e0 passer voir et d&rsquo;occuper de tous les chevaux au moins une [&hellip;]<\/p>\n","protected":false},"author":1,"featured_media":0,"parent":0,"menu_order":0,"comment_status":"closed","ping_status":"closed","template":"elementor_theme","meta":{"om_disable_all_campaigns":false,"_monsterinsights_skip_tracking":false,"_monsterinsights_sitenote_active":false,"_monsterinsights_sitenote_note":"","_monsterinsights_sitenote_category":0,"footnotes":""},"class_list":["post-997","page","type-page","status-publish","hentry"],"aioseo_notices":[],"_links":{"self":[{"href":"https:\/\/pensiondeloubieng.fr\/index.php?rest_route=\/wp\/v2\/pages\/997","targetHints":{"allow":["GET"]}}],"collection":[{"href":"https:\/\/pensiondeloubieng.fr\/index.php?rest_route=\/wp\/v2\/pages"}],"about":[{"href":"https:\/\/pensiondeloubieng.fr\/index.php?rest_route=\/wp\/v2\/types\/page"}],"author":[{"embeddable":true,"href":"https:\/\/pensiondeloubieng.fr\/index.php?rest_route=\/wp\/v2\/users\/1"}],"replies":[{"embeddable":true,"href":"https:\/\/pensiondeloubieng.fr\/index.php?rest_route=%2Fwp%2Fv2%2Fcomments&post=997"}],"version-history":[{"count":4,"href":"https:\/\/pensiondeloubieng.fr\/index.php?rest_route=\/wp\/v2\/pages\/997\/revisions"}],"predecessor-version":[{"id":1017,"href":"https:\/\/pensiondeloubieng.fr\/index.php?rest_route=\/wp\/v2\/pages\/997\/revisions\/1017"}],"wp:attachment":[{"href":"https:\/\/pensiondeloubieng.fr\/index.php?rest_route=%2Fwp%2Fv2%2Fmedia&parent=997"}],"curies":[{"name":"wp","href":"https:\/\/api.w.org\/{rel}","templated":true}]}}